{"id":16,"date":"2026-04-20T15:24:19","date_gmt":"2026-04-20T15:24:19","guid":{"rendered":"https:\/\/aegan.es\/?page_id=16"},"modified":"2026-04-20T16:12:09","modified_gmt":"2026-04-20T16:12:09","slug":"aviso-legal","status":"publish","type":"page","link":"https:\/\/aegan.es\/?page_id=16","title":{"rendered":"Aviso legal"},"content":{"rendered":"\t\t<div data-elementor-type=\"wp-page\" data-elementor-id=\"16\" class=\"elementor elementor-16\">\n\t\t\t\t<div class=\"elementor-element elementor-element-25f369a e-flex e-con-boxed e-con e-parent\" data-id=\"25f369a\" data-element_type=\"container\" data-e-type=\"container\">\n\t\t\t\t\t<div class=\"e-con-inner\">\n\t\t\t\t<div class=\"elementor-element elementor-element-f75eab9 elementor-widget elementor-widget-text-editor\" data-id=\"f75eab9\" data-element_type=\"widget\" data-e-type=\"widget\" data-widget_type=\"text-editor.default\">\n\t\t\t\t\t\t\t\t\t<p><strong style=\"font-style: inherit;\">AVISO LEGAL<\/strong><\/p><p class=\"font-claude-response-body break-words whitespace-normal leading-[1.7]\"><strong>Identificaci\u00f3n del titular<\/strong><\/p><p class=\"font-claude-response-body break-words whitespace-normal leading-[1.7]\">En cumplimiento del art\u00edculo 10 de la Ley 34\/2002, de 11 de julio, de Servicios de la Sociedad de la Informaci\u00f3n y de Comercio Electr\u00f3nico (LSSI-CE), se informa:<\/p><ul class=\"[li_&amp;]:mb-0 [li_&amp;]:mt-1 [li_&amp;]:gap-1 [&amp;:not(:last-child)_ul]:pb-1 [&amp;:not(:last-child)_ol]:pb-1 list-disc flex flex-col gap-1 pl-8 mb-3\"><li class=\"whitespace-normal break-words pl-2\">Denominaci\u00f3n: Asociaci\u00f3n Espa\u00f1ola de Gesti\u00f3n y Operaciones del Transporte A\u00e9reo Nacional (AEGAN)<\/li><li class=\"whitespace-normal break-words pl-2\">NIF: [COMPLETAR tras inscripci\u00f3n en el RNA]<\/li><li class=\"whitespace-normal break-words pl-2\">Domicilio social: [COMPLETAR]<\/li><li class=\"whitespace-normal break-words pl-2\">N\u00famero de inscripci\u00f3n RNA: [COMPLETAR]<\/li><li class=\"whitespace-normal break-words pl-2\">Correo electr\u00f3nico: <a class=\"underline underline underline-offset-2 decoration-1 decoration-current\/40 hover:decoration-current focus:decoration-current\" href=\"mailto:info@aegan.es\">info@aegan.es<\/a><\/li><li class=\"whitespace-normal break-words pl-2\">Sitio web: <a class=\"underline underline underline-offset-2 decoration-1 decoration-current\/40 hover:decoration-current focus:decoration-current\" href=\"https:\/\/aegan.es\">https:\/\/aegan.es<\/a><\/li><\/ul><p class=\"font-claude-response-body break-words whitespace-normal leading-[1.7]\"><strong>Objeto<\/strong><\/p><p class=\"font-claude-response-body break-words whitespace-normal leading-[1.7]\">El presente Aviso Legal regula el acceso y uso del sitio web aegan.es, titularidad de AEGAN. El acceso implica la aceptaci\u00f3n de las presentes condiciones.<\/p><p class=\"font-claude-response-body break-words whitespace-normal leading-[1.7]\"><strong>Propiedad intelectual<\/strong><\/p><p class=\"font-claude-response-body break-words whitespace-normal leading-[1.7]\">Los contenidos de este sitio web son propiedad de AEGAN o de sus leg\u00edtimos titulares. Queda prohibida su reproducci\u00f3n total o parcial sin autorizaci\u00f3n expresa.<\/p><p class=\"font-claude-response-body break-words whitespace-normal leading-[1.7]\"><strong>Responsabilidad<\/strong><\/p><p class=\"font-claude-response-body break-words whitespace-normal leading-[1.7]\">AEGAN no se responsabiliza de los da\u00f1os derivados del uso del sitio web ni de los contenidos de sitios externos enlazados.<\/p><p class=\"font-claude-response-body break-words whitespace-normal leading-[1.7]\"><strong>Legislaci\u00f3n aplicable<\/strong><\/p><p class=\"font-claude-response-body break-words whitespace-normal leading-[1.7]\">Las presentes condiciones se rigen por la legislaci\u00f3n espa\u00f1ola. Para cualquier controversia, las partes se someten a los juzgados y tribunales de Madrid.<\/p><p class=\"font-claude-response-body break-words whitespace-normal leading-[1.7]\"><em>\u00daltima actualizaci\u00f3n: abril 2026<\/em><\/p>\t\t\t\t\t\t\t\t<\/div>\n\t\t\t\t\t<\/div>\n\t\t\t\t<\/div>\n\t\t\t\t<\/div>\n\t\t","protected":false},"excerpt":{"rendered":"<p>AVISO LEGAL Identificaci\u00f3n del titular En cumplimiento del art\u00edculo 10 de la Ley 34\/2002, de 11 de julio, de Servicios [&hellip;]<\/p>\n","protected":false},"author":1,"featured_media":0,"parent":0,"menu_order":0,"comment_status":"closed","ping_status":"closed","template":"","meta":{"site-sidebar-layout":"no-sidebar","site-content-layout":"","ast-site-content-layout":"full-width-container","site-content-style":"default","site-sidebar-style":"default","ast-global-header-display":"","ast-banner-title-visibility":"","ast-main-header-display":"","ast-hfb-above-header-display":"","ast-hfb-below-header-display":"","ast-hfb-mobile-header-display":"","site-post-title":"","ast-breadcrumbs-content":"","ast-featured-img":"disabled","footer-sml-layout":"","ast-disable-related-posts":"","theme-transparent-header-meta":"","adv-header-id-meta":"","stick-header-meta":"","header-above-stick-meta":"","header-main-stick-meta":"","header-below-stick-meta":"","astra-migrate-meta-layouts":"default","ast-page-background-enabled":"default","ast-page-background-meta":{"desktop":{"background-color":"var(--ast-global-color-5)","background-image":"","background-repeat":"repeat","background-position":"center center","background-size":"auto","background-attachment":"scroll","background-type":"","background-media":"","overlay-type":"","overlay-color":"","overlay-opacity":"","overlay-gradient":""},"tablet":{"background-color":"","background-image":"","background-repeat":"repeat","background-position":"center center","background-size":"auto","background-attachment":"scroll","background-type":"","background-media":"","overlay-type":"","overlay-color":"","overlay-opacity":"","overlay-gradient":""},"mobile":{"background-color":"","background-image":"","background-repeat":"repeat","background-position":"center center","background-size":"auto","background-attachment":"scroll","background-type":"","background-media":"","overlay-type":"","overlay-color":"","overlay-opacity":"","overlay-gradient":""}},"ast-content-background-meta":{"desktop":{"background-color":"var(--ast-global-color-4)","background-image":"","background-repeat":"repeat","background-position":"center center","background-size":"auto","background-attachment":"scroll","background-type":"","background-media":"","overlay-type":"","overlay-color":"","overlay-opacity":"","overlay-gradient":""},"tablet":{"background-color":"var(--ast-global-color-4)","background-image":"","background-repeat":"repeat","background-position":"center center","background-size":"auto","background-attachment":"scroll","background-type":"","background-media":"","overlay-type":"","overlay-color":"","overlay-opacity":"","overlay-gradient":""},"mobile":{"background-color":"var(--ast-global-color-4)","background-image":"","background-repeat":"repeat","background-position":"center center","background-size":"auto","background-attachment":"scroll","background-type":"","background-media":"","overlay-type":"","overlay-color":"","overlay-opacity":"","overlay-gradient":""}},"footnotes":""},"class_list":["post-16","page","type-page","status-publish","hentry"],"_links":{"self":[{"href":"https:\/\/aegan.es\/index.php?rest_route=\/wp\/v2\/pages\/16","targetHints":{"allow":["GET"]}}],"collection":[{"href":"https:\/\/aegan.es\/index.php?rest_route=\/wp\/v2\/pages"}],"about":[{"href":"https:\/\/aegan.es\/index.php?rest_route=\/wp\/v2\/types\/page"}],"author":[{"embeddable":true,"href":"https:\/\/aegan.es\/index.php?rest_route=\/wp\/v2\/users\/1"}],"replies":[{"embeddable":true,"href":"https:\/\/aegan.es\/index.php?rest_route=%2Fwp%2Fv2%2Fcomments&post=16"}],"version-history":[{"count":7,"href":"https:\/\/aegan.es\/index.php?rest_route=\/wp\/v2\/pages\/16\/revisions"}],"predecessor-version":[{"id":30,"href":"https:\/\/aegan.es\/index.php?rest_route=\/wp\/v2\/pages\/16\/revisions\/30"}],"wp:attachment":[{"href":"https:\/\/aegan.es\/index.php?rest_route=%2Fwp%2Fv2%2Fmedia&parent=16"}],"curies":[{"name":"wp","href":"https:\/\/api.w.org\/{rel}","templated":true}]}}